{"id":20,"date":"2021-12-20T08:27:45","date_gmt":"2021-12-20T07:27:45","guid":{"rendered":"https:\/\/riversea.pl\/?page_id=20"},"modified":"2024-02-28T15:25:23","modified_gmt":"2024-02-28T14:25:23","slug":"kontakt","status":"publish","type":"page","link":"https:\/\/nerohome.pl\/en\/kontakt\/","title":{"rendered":"Contact"},"content":{"rendered":"","protected":false},"excerpt":{"rendered":"","protected":false},"author":3,"featured_media":1325,"parent":0,"menu_order":0,"comment_status":"closed","ping_status":"closed","template":"","meta":{"_acf_changed":false,"footnotes":""},"acf":[],"yoast_head":"<!-- This site is optimized with the Yoast SEO plugin v22.3 - https:\/\/yoast.com\/wordpress\/plugins\/seo\/ -->\n<title>Kontakt z NeroHome Bed&amp;Breakfast \u0141om\u017ca<\/title>\n<meta name=\"description\" content=\"Masz pytania dotycz\u0105ce pobytu w NeroHome Bed&amp;Breakfast w \u0141om\u017cy? Skontaktuj si\u0119 z nami! Zapewniamy szybk\u0105 odpowied\u017a i indywidualne podej\u015bcie. Znajdziesz tutaj wszystkie informacje kontaktowe.\" \/>\n<meta name=\"robots\" content=\"index, follow, max-snippet:-1, max-image-preview:large, max-video-preview:-1\" \/>\n<link rel=\"canonical\" href=\"https:\/\/nerohome.pl\/en\/kontakt\/\" \/>\n<meta property=\"og:locale\" content=\"en_GB\" \/>\n<meta property=\"og:type\" content=\"article\" \/>\n<meta property=\"og:title\" content=\"Kontakt z NeroHome Bed&amp;Breakfast \u0141om\u017ca\" \/>\n<meta property=\"og:description\" content=\"Masz pytania dotycz\u0105ce pobytu w NeroHome Bed&amp;Breakfast w \u0141om\u017cy? Skontaktuj si\u0119 z nami! Zapewniamy szybk\u0105 odpowied\u017a i indywidualne podej\u015bcie. Znajdziesz tutaj wszystkie informacje kontaktowe.\" \/>\n<meta property=\"og:url\" content=\"https:\/\/nerohome.pl\/en\/kontakt\/\" \/>\n<meta property=\"og:site_name\" content=\"NeroHome Bed&amp;Breakfast\" \/>\n<meta property=\"article:publisher\" content=\"https:\/\/www.facebook.com\/riverseaapartamenty\" \/>\n<meta property=\"article:modified_time\" content=\"2024-02-28T14:25:23+00:00\" \/>\n<meta property=\"og:image\" content=\"https:\/\/nerohome.pl\/wp-content\/uploads\/2023\/12\/cropped-292385292_141027498592428_924341611248887328_n.jpg\" \/>\n\t<meta property=\"og:image:width\" content=\"512\" \/>\n\t<meta property=\"og:image:height\" content=\"512\" \/>\n\t<meta property=\"og:image:type\" content=\"image\/jpeg\" \/>\n<meta name=\"twitter:card\" content=\"summary_large_image\" \/>\n<meta name=\"twitter:label1\" content=\"Estimated reading time\" \/>\n\t<meta name=\"twitter:data1\" content=\"1 minute\" \/>\n<script type=\"application\/ld+json\" class=\"yoast-schema-graph\">{\"@context\":\"https:\/\/schema.org\",\"@graph\":[{\"@type\":\"WebPage\",\"@id\":\"https:\/\/nerohome.pl\/kontakt\/\",\"url\":\"https:\/\/nerohome.pl\/kontakt\/\",\"name\":\"Kontakt z NeroHome Bed&Breakfast \u0141om\u017ca\",\"isPartOf\":{\"@id\":\"https:\/\/nerohome.pl\/#website\"},\"primaryImageOfPage\":{\"@id\":\"https:\/\/nerohome.pl\/kontakt\/#primaryimage\"},\"image\":{\"@id\":\"https:\/\/nerohome.pl\/kontakt\/#primaryimage\"},\"thumbnailUrl\":\"https:\/\/nerohome.pl\/wp-content\/uploads\/2023\/12\/cropped-292385292_141027498592428_924341611248887328_n.jpg\",\"datePublished\":\"2021-12-20T07:27:45+00:00\",\"dateModified\":\"2024-02-28T14:25:23+00:00\",\"description\":\"Masz pytania dotycz\u0105ce pobytu w NeroHome Bed&Breakfast w \u0141om\u017cy? Skontaktuj si\u0119 z nami! Zapewniamy szybk\u0105 odpowied\u017a i indywidualne podej\u015bcie. Znajdziesz tutaj wszystkie informacje kontaktowe.\",\"breadcrumb\":{\"@id\":\"https:\/\/nerohome.pl\/kontakt\/#breadcrumb\"},\"inLanguage\":\"en-GB\",\"potentialAction\":[{\"@type\":\"ReadAction\",\"target\":[\"https:\/\/nerohome.pl\/kontakt\/\"]}]},{\"@type\":\"ImageObject\",\"inLanguage\":\"en-GB\",\"@id\":\"https:\/\/nerohome.pl\/kontakt\/#primaryimage\",\"url\":\"https:\/\/nerohome.pl\/wp-content\/uploads\/2023\/12\/cropped-292385292_141027498592428_924341611248887328_n.jpg\",\"contentUrl\":\"https:\/\/nerohome.pl\/wp-content\/uploads\/2023\/12\/cropped-292385292_141027498592428_924341611248887328_n.jpg\",\"width\":512,\"height\":512},{\"@type\":\"BreadcrumbList\",\"@id\":\"https:\/\/nerohome.pl\/kontakt\/#breadcrumb\",\"itemListElement\":[{\"@type\":\"ListItem\",\"position\":1,\"name\":\"Strona g\u0142\u00f3wna\",\"item\":\"https:\/\/nerohome.pl\/\"},{\"@type\":\"ListItem\",\"position\":2,\"name\":\"Kontakt\"}]},{\"@type\":\"WebSite\",\"@id\":\"https:\/\/nerohome.pl\/#website\",\"url\":\"https:\/\/nerohome.pl\/\",\"name\":\"NeroHome Bed&amp;Breakfast\",\"description\":\"Komfortowe pokoje w \u0141om\u017cy\",\"publisher\":{\"@id\":\"https:\/\/nerohome.pl\/#organization\"},\"potentialAction\":[{\"@type\":\"SearchAction\",\"target\":{\"@type\":\"EntryPoint\",\"urlTemplate\":\"https:\/\/nerohome.pl\/?s={search_term_string}\"},\"query-input\":\"required name=search_term_string\"}],\"inLanguage\":\"en-GB\"},{\"@type\":\"Organization\",\"@id\":\"https:\/\/nerohome.pl\/#organization\",\"name\":\"NeroHome Bed&amp;Breakfast\",\"url\":\"https:\/\/nerohome.pl\/\",\"logo\":{\"@type\":\"ImageObject\",\"inLanguage\":\"en-GB\",\"@id\":\"https:\/\/nerohome.pl\/#\/schema\/logo\/image\/\",\"url\":\"https:\/\/nerohome.nfhotel.usermd.net\/wp-content\/uploads\/2022\/10\/Logo-River-Sea.png\",\"contentUrl\":\"https:\/\/nerohome.nfhotel.usermd.net\/wp-content\/uploads\/2022\/10\/Logo-River-Sea.png\",\"width\":256,\"height\":154,\"caption\":\"NeroHome Bed&amp;Breakfast\"},\"image\":{\"@id\":\"https:\/\/nerohome.pl\/#\/schema\/logo\/image\/\"},\"sameAs\":[\"https:\/\/www.facebook.com\/riverseaapartamenty\"]}]}<\/script>\n<!-- \/ Yoast SEO plugin. -->","yoast_head_json":{"title":"Kontakt z NeroHome Bed&Breakfast \u0141om\u017ca","description":"Masz pytania dotycz\u0105ce pobytu w NeroHome Bed&Breakfast w \u0141om\u017cy? Skontaktuj si\u0119 z nami! Zapewniamy szybk\u0105 odpowied\u017a i indywidualne podej\u015bcie. Znajdziesz tutaj wszystkie informacje kontaktowe.","robots":{"index":"index","follow":"follow","max-snippet":"max-snippet:-1","max-image-preview":"max-image-preview:large","max-video-preview":"max-video-preview:-1"},"canonical":"https:\/\/nerohome.pl\/en\/kontakt\/","og_locale":"en_GB","og_type":"article","og_title":"Kontakt z NeroHome Bed&Breakfast \u0141om\u017ca","og_description":"Masz pytania dotycz\u0105ce pobytu w NeroHome Bed&Breakfast w \u0141om\u017cy? Skontaktuj si\u0119 z nami! Zapewniamy szybk\u0105 odpowied\u017a i indywidualne podej\u015bcie. Znajdziesz tutaj wszystkie informacje kontaktowe.","og_url":"https:\/\/nerohome.pl\/en\/kontakt\/","og_site_name":"NeroHome Bed&amp;Breakfast","article_publisher":"https:\/\/www.facebook.com\/riverseaapartamenty","article_modified_time":"2024-02-28T14:25:23+00:00","og_image":[{"width":512,"height":512,"url":"https:\/\/nerohome.pl\/wp-content\/uploads\/2023\/12\/cropped-292385292_141027498592428_924341611248887328_n.jpg","type":"image\/jpeg"}],"twitter_card":"summary_large_image","twitter_misc":{"Estimated reading time":"1 minute"},"schema":{"@context":"https:\/\/schema.org","@graph":[{"@type":"WebPage","@id":"https:\/\/nerohome.pl\/kontakt\/","url":"https:\/\/nerohome.pl\/kontakt\/","name":"Kontakt z NeroHome Bed&Breakfast \u0141om\u017ca","isPartOf":{"@id":"https:\/\/nerohome.pl\/#website"},"primaryImageOfPage":{"@id":"https:\/\/nerohome.pl\/kontakt\/#primaryimage"},"image":{"@id":"https:\/\/nerohome.pl\/kontakt\/#primaryimage"},"thumbnailUrl":"https:\/\/nerohome.pl\/wp-content\/uploads\/2023\/12\/cropped-292385292_141027498592428_924341611248887328_n.jpg","datePublished":"2021-12-20T07:27:45+00:00","dateModified":"2024-02-28T14:25:23+00:00","description":"Masz pytania dotycz\u0105ce pobytu w NeroHome Bed&Breakfast w \u0141om\u017cy? Skontaktuj si\u0119 z nami! Zapewniamy szybk\u0105 odpowied\u017a i indywidualne podej\u015bcie. Znajdziesz tutaj wszystkie informacje kontaktowe.","breadcrumb":{"@id":"https:\/\/nerohome.pl\/kontakt\/#breadcrumb"},"inLanguage":"en-GB","potentialAction":[{"@type":"ReadAction","target":["https:\/\/nerohome.pl\/kontakt\/"]}]},{"@type":"ImageObject","inLanguage":"en-GB","@id":"https:\/\/nerohome.pl\/kontakt\/#primaryimage","url":"https:\/\/nerohome.pl\/wp-content\/uploads\/2023\/12\/cropped-292385292_141027498592428_924341611248887328_n.jpg","contentUrl":"https:\/\/nerohome.pl\/wp-content\/uploads\/2023\/12\/cropped-292385292_141027498592428_924341611248887328_n.jpg","width":512,"height":512},{"@type":"BreadcrumbList","@id":"https:\/\/nerohome.pl\/kontakt\/#breadcrumb","itemListElement":[{"@type":"ListItem","position":1,"name":"Strona g\u0142\u00f3wna","item":"https:\/\/nerohome.pl\/"},{"@type":"ListItem","position":2,"name":"Kontakt"}]},{"@type":"WebSite","@id":"https:\/\/nerohome.pl\/#website","url":"https:\/\/nerohome.pl\/","name":"NeroHome Bed&amp;Breakfast","description":"Komfortowe pokoje w \u0141om\u017cy","publisher":{"@id":"https:\/\/nerohome.pl\/#organization"},"potentialAction":[{"@type":"SearchAction","target":{"@type":"EntryPoint","urlTemplate":"https:\/\/nerohome.pl\/?s={search_term_string}"},"query-input":"required name=search_term_string"}],"inLanguage":"en-GB"},{"@type":"Organization","@id":"https:\/\/nerohome.pl\/#organization","name":"NeroHome Bed&amp;Breakfast","url":"https:\/\/nerohome.pl\/","logo":{"@type":"ImageObject","inLanguage":"en-GB","@id":"https:\/\/nerohome.pl\/#\/schema\/logo\/image\/","url":"https:\/\/nerohome.nfhotel.usermd.net\/wp-content\/uploads\/2022\/10\/Logo-River-Sea.png","contentUrl":"https:\/\/nerohome.nfhotel.usermd.net\/wp-content\/uploads\/2022\/10\/Logo-River-Sea.png","width":256,"height":154,"caption":"NeroHome Bed&amp;Breakfast"},"image":{"@id":"https:\/\/nerohome.pl\/#\/schema\/logo\/image\/"},"sameAs":["https:\/\/www.facebook.com\/riverseaapartamenty"]}]}},"_links":{"self":[{"href":"https:\/\/nerohome.pl\/en\/wp-json\/wp\/v2\/pages\/20"}],"collection":[{"href":"https:\/\/nerohome.pl\/en\/wp-json\/wp\/v2\/pages"}],"about":[{"href":"https:\/\/nerohome.pl\/en\/wp-json\/wp\/v2\/types\/page"}],"author":[{"embeddable":true,"href":"https:\/\/nerohome.pl\/en\/wp-json\/wp\/v2\/users\/3"}],"replies":[{"embeddable":true,"href":"https:\/\/nerohome.pl\/en\/wp-json\/wp\/v2\/comments?post=20"}],"version-history":[{"count":1,"href":"https:\/\/nerohome.pl\/en\/wp-json\/wp\/v2\/pages\/20\/revisions"}],"predecessor-version":[{"id":21,"href":"https:\/\/nerohome.pl\/en\/wp-json\/wp\/v2\/pages\/20\/revisions\/21"}],"wp:featuredmedia":[{"embeddable":true,"href":"https:\/\/nerohome.pl\/en\/wp-json\/wp\/v2\/media\/1325"}],"wp:attachment":[{"href":"https:\/\/nerohome.pl\/en\/wp-json\/wp\/v2\/media?parent=20"}],"curies":[{"name":"wp","href":"https:\/\/api.w.org\/{rel}","templated":true}]}}