{"id":16,"date":"2021-12-20T08:27:08","date_gmt":"2021-12-20T07:27:08","guid":{"rendered":"https:\/\/riversea.pl\/?page_id=16"},"modified":"2024-02-26T15:14:03","modified_gmt":"2024-02-26T14:14:03","slug":"galeria","status":"publish","type":"page","link":"https:\/\/nerohome.pl\/en\/galeria\/","title":{"rendered":"Gallery"},"content":{"rendered":"","protected":false},"excerpt":{"rendered":"","protected":false},"author":3,"featured_media":0,"parent":0,"menu_order":0,"comment_status":"closed","ping_status":"closed","template":"","meta":{"_acf_changed":false,"footnotes":""},"acf":[],"yoast_head":"<!-- This site is optimized with the Yoast SEO plugin v22.3 - https:\/\/yoast.com\/wordpress\/plugins\/seo\/ -->\n<title>Galeria - NeroHome Bed&amp;Breakfast - Komfortowe pokoje w \u0141om\u017cy<\/title>\n<meta name=\"description\" content=\"Odkryj pi\u0119kno NeroHome Bed&amp;Breakfast w \u0141om\u017cy, przegl\u0105daj\u0105c nasz\u0105 galeri\u0119 zdj\u0119\u0107. Zobacz nasze luksusowe pokoje i udogodnienia, kt\u00f3re czekaj\u0105 na Ciebie.\" \/>\n<meta name=\"robots\" content=\"index, follow, max-snippet:-1, max-image-preview:large, max-video-preview:-1\" \/>\n<link rel=\"canonical\" href=\"https:\/\/nerohome.pl\/en\/galeria\/\" \/>\n<meta property=\"og:locale\" content=\"en_GB\" \/>\n<meta property=\"og:type\" content=\"article\" \/>\n<meta property=\"og:title\" content=\"Galeria - NeroHome Bed&amp;Breakfast - Komfortowe pokoje w \u0141om\u017cy\" \/>\n<meta property=\"og:description\" content=\"Odkryj pi\u0119kno NeroHome Bed&amp;Breakfast w \u0141om\u017cy, przegl\u0105daj\u0105c nasz\u0105 galeri\u0119 zdj\u0119\u0107. Zobacz nasze luksusowe pokoje i udogodnienia, kt\u00f3re czekaj\u0105 na Ciebie.\" \/>\n<meta property=\"og:url\" content=\"https:\/\/nerohome.pl\/en\/galeria\/\" \/>\n<meta property=\"og:site_name\" content=\"NeroHome Bed&amp;Breakfast\" \/>\n<meta property=\"article:publisher\" content=\"https:\/\/www.facebook.com\/riverseaapartamenty\" \/>\n<meta property=\"article:modified_time\" content=\"2024-02-26T14:14:03+00:00\" \/>\n<meta name=\"twitter:card\" content=\"summary_large_image\" \/>\n<meta name=\"twitter:label1\" content=\"Estimated reading time\" \/>\n\t<meta name=\"twitter:data1\" content=\"2 minutes\" \/>\n<script type=\"application\/ld+json\" class=\"yoast-schema-graph\">{\"@context\":\"https:\/\/schema.org\",\"@graph\":[{\"@type\":\"WebPage\",\"@id\":\"https:\/\/nerohome.pl\/galeria\/\",\"url\":\"https:\/\/nerohome.pl\/galeria\/\",\"name\":\"Galeria - NeroHome Bed&amp;Breakfast - Komfortowe pokoje w \u0141om\u017cy\",\"isPartOf\":{\"@id\":\"https:\/\/nerohome.pl\/#website\"},\"datePublished\":\"2021-12-20T07:27:08+00:00\",\"dateModified\":\"2024-02-26T14:14:03+00:00\",\"description\":\"Odkryj pi\u0119kno NeroHome Bed&Breakfast w \u0141om\u017cy, przegl\u0105daj\u0105c nasz\u0105 galeri\u0119 zdj\u0119\u0107. Zobacz nasze luksusowe pokoje i udogodnienia, kt\u00f3re czekaj\u0105 na Ciebie.\",\"breadcrumb\":{\"@id\":\"https:\/\/nerohome.pl\/galeria\/#breadcrumb\"},\"inLanguage\":\"en-GB\",\"potentialAction\":[{\"@type\":\"ReadAction\",\"target\":[\"https:\/\/nerohome.pl\/galeria\/\"]}]},{\"@type\":\"BreadcrumbList\",\"@id\":\"https:\/\/nerohome.pl\/galeria\/#breadcrumb\",\"itemListElement\":[{\"@type\":\"ListItem\",\"position\":1,\"name\":\"Strona g\u0142\u00f3wna\",\"item\":\"https:\/\/nerohome.pl\/\"},{\"@type\":\"ListItem\",\"position\":2,\"name\":\"Galeria\"}]},{\"@type\":\"WebSite\",\"@id\":\"https:\/\/nerohome.pl\/#website\",\"url\":\"https:\/\/nerohome.pl\/\",\"name\":\"NeroHome Bed&amp;Breakfast\",\"description\":\"Komfortowe pokoje w \u0141om\u017cy\",\"publisher\":{\"@id\":\"https:\/\/nerohome.pl\/#organization\"},\"potentialAction\":[{\"@type\":\"SearchAction\",\"target\":{\"@type\":\"EntryPoint\",\"urlTemplate\":\"https:\/\/nerohome.pl\/?s={search_term_string}\"},\"query-input\":\"required name=search_term_string\"}],\"inLanguage\":\"en-GB\"},{\"@type\":\"Organization\",\"@id\":\"https:\/\/nerohome.pl\/#organization\",\"name\":\"NeroHome Bed&amp;Breakfast\",\"url\":\"https:\/\/nerohome.pl\/\",\"logo\":{\"@type\":\"ImageObject\",\"inLanguage\":\"en-GB\",\"@id\":\"https:\/\/nerohome.pl\/#\/schema\/logo\/image\/\",\"url\":\"https:\/\/nerohome.nfhotel.usermd.net\/wp-content\/uploads\/2022\/10\/Logo-River-Sea.png\",\"contentUrl\":\"https:\/\/nerohome.nfhotel.usermd.net\/wp-content\/uploads\/2022\/10\/Logo-River-Sea.png\",\"width\":256,\"height\":154,\"caption\":\"NeroHome Bed&amp;Breakfast\"},\"image\":{\"@id\":\"https:\/\/nerohome.pl\/#\/schema\/logo\/image\/\"},\"sameAs\":[\"https:\/\/www.facebook.com\/riverseaapartamenty\"]}]}<\/script>\n<!-- \/ Yoast SEO plugin. -->","yoast_head_json":{"title":"Galeria - NeroHome Bed&amp;Breakfast - Komfortowe pokoje w \u0141om\u017cy","description":"Odkryj pi\u0119kno NeroHome Bed&Breakfast w \u0141om\u017cy, przegl\u0105daj\u0105c nasz\u0105 galeri\u0119 zdj\u0119\u0107. Zobacz nasze luksusowe pokoje i udogodnienia, kt\u00f3re czekaj\u0105 na Ciebie.","robots":{"index":"index","follow":"follow","max-snippet":"max-snippet:-1","max-image-preview":"max-image-preview:large","max-video-preview":"max-video-preview:-1"},"canonical":"https:\/\/nerohome.pl\/en\/galeria\/","og_locale":"en_GB","og_type":"article","og_title":"Galeria - NeroHome Bed&amp;Breakfast - Komfortowe pokoje w \u0141om\u017cy","og_description":"Odkryj pi\u0119kno NeroHome Bed&Breakfast w \u0141om\u017cy, przegl\u0105daj\u0105c nasz\u0105 galeri\u0119 zdj\u0119\u0107. Zobacz nasze luksusowe pokoje i udogodnienia, kt\u00f3re czekaj\u0105 na Ciebie.","og_url":"https:\/\/nerohome.pl\/en\/galeria\/","og_site_name":"NeroHome Bed&amp;Breakfast","article_publisher":"https:\/\/www.facebook.com\/riverseaapartamenty","article_modified_time":"2024-02-26T14:14:03+00:00","twitter_card":"summary_large_image","twitter_misc":{"Estimated reading time":"2 minutes"},"schema":{"@context":"https:\/\/schema.org","@graph":[{"@type":"WebPage","@id":"https:\/\/nerohome.pl\/galeria\/","url":"https:\/\/nerohome.pl\/galeria\/","name":"Galeria - NeroHome Bed&amp;Breakfast - Komfortowe pokoje w \u0141om\u017cy","isPartOf":{"@id":"https:\/\/nerohome.pl\/#website"},"datePublished":"2021-12-20T07:27:08+00:00","dateModified":"2024-02-26T14:14:03+00:00","description":"Odkryj pi\u0119kno NeroHome Bed&Breakfast w \u0141om\u017cy, przegl\u0105daj\u0105c nasz\u0105 galeri\u0119 zdj\u0119\u0107. Zobacz nasze luksusowe pokoje i udogodnienia, kt\u00f3re czekaj\u0105 na Ciebie.","breadcrumb":{"@id":"https:\/\/nerohome.pl\/galeria\/#breadcrumb"},"inLanguage":"en-GB","potentialAction":[{"@type":"ReadAction","target":["https:\/\/nerohome.pl\/galeria\/"]}]},{"@type":"BreadcrumbList","@id":"https:\/\/nerohome.pl\/galeria\/#breadcrumb","itemListElement":[{"@type":"ListItem","position":1,"name":"Strona g\u0142\u00f3wna","item":"https:\/\/nerohome.pl\/"},{"@type":"ListItem","position":2,"name":"Galeria"}]},{"@type":"WebSite","@id":"https:\/\/nerohome.pl\/#website","url":"https:\/\/nerohome.pl\/","name":"NeroHome Bed&amp;Breakfast","description":"Komfortowe pokoje w \u0141om\u017cy","publisher":{"@id":"https:\/\/nerohome.pl\/#organization"},"potentialAction":[{"@type":"SearchAction","target":{"@type":"EntryPoint","urlTemplate":"https:\/\/nerohome.pl\/?s={search_term_string}"},"query-input":"required name=search_term_string"}],"inLanguage":"en-GB"},{"@type":"Organization","@id":"https:\/\/nerohome.pl\/#organization","name":"NeroHome Bed&amp;Breakfast","url":"https:\/\/nerohome.pl\/","logo":{"@type":"ImageObject","inLanguage":"en-GB","@id":"https:\/\/nerohome.pl\/#\/schema\/logo\/image\/","url":"https:\/\/nerohome.nfhotel.usermd.net\/wp-content\/uploads\/2022\/10\/Logo-River-Sea.png","contentUrl":"https:\/\/nerohome.nfhotel.usermd.net\/wp-content\/uploads\/2022\/10\/Logo-River-Sea.png","width":256,"height":154,"caption":"NeroHome Bed&amp;Breakfast"},"image":{"@id":"https:\/\/nerohome.pl\/#\/schema\/logo\/image\/"},"sameAs":["https:\/\/www.facebook.com\/riverseaapartamenty"]}]}},"_links":{"self":[{"href":"https:\/\/nerohome.pl\/en\/wp-json\/wp\/v2\/pages\/16"}],"collection":[{"href":"https:\/\/nerohome.pl\/en\/wp-json\/wp\/v2\/pages"}],"about":[{"href":"https:\/\/nerohome.pl\/en\/wp-json\/wp\/v2\/types\/page"}],"author":[{"embeddable":true,"href":"https:\/\/nerohome.pl\/en\/wp-json\/wp\/v2\/users\/3"}],"replies":[{"embeddable":true,"href":"https:\/\/nerohome.pl\/en\/wp-json\/wp\/v2\/comments?post=16"}],"version-history":[{"count":50,"href":"https:\/\/nerohome.pl\/en\/wp-json\/wp\/v2\/pages\/16\/revisions"}],"predecessor-version":[{"id":1351,"href":"https:\/\/nerohome.pl\/en\/wp-json\/wp\/v2\/pages\/16\/revisions\/1351"}],"wp:attachment":[{"href":"https:\/\/nerohome.pl\/en\/wp-json\/wp\/v2\/media?parent=16"}],"curies":[{"name":"wp","href":"https:\/\/api.w.org\/{rel}","templated":true}]}}