{"id":1392,"date":"2024-07-23T15:07:59","date_gmt":"2024-07-23T13:07:59","guid":{"rendered":"https:\/\/nerohome.pl\/?page_id=1392"},"modified":"2024-07-23T15:08:00","modified_gmt":"2024-07-23T13:08:00","slug":"zamow-online","status":"publish","type":"page","link":"https:\/\/nerohome.pl\/en\/zamow-online\/","title":{"rendered":"ZAM\u00d3W ONLINE"},"content":{"rendered":"<p><\/p>","protected":false},"excerpt":{"rendered":"","protected":false},"author":8,"featured_media":0,"parent":0,"menu_order":0,"comment_status":"closed","ping_status":"closed","template":"","meta":{"_acf_changed":false,"footnotes":""},"acf":[],"yoast_head":"<!-- This site is optimized with the Yoast SEO plugin v22.3 - https:\/\/yoast.com\/wordpress\/plugins\/seo\/ -->\n<title>ZAM\u00d3W ONLINE - NeroHome Bed&amp;Breakfast<\/title>\n<meta name=\"description\" content=\"Odkryj komfortowy wypoczynek w Nero Home Bed &amp; Breakfast w \u0141om\u017cy. Ciesz si\u0119 komfortowymi pokojami, wy\u015bmienitym \u015bniadaniem i idealn\u0105 lokalizacj\u0105 blisko atrakcji miasta.\" \/>\n<meta name=\"robots\" content=\"index, follow, max-snippet:-1, max-image-preview:large, max-video-preview:-1\" \/>\n<link rel=\"canonical\" href=\"https:\/\/nerohome.pl\/en\/zamow-online\/\" \/>\n<meta property=\"og:locale\" content=\"en_GB\" \/>\n<meta property=\"og:type\" content=\"article\" \/>\n<meta property=\"og:title\" content=\"ZAM\u00d3W ONLINE - NeroHome Bed&amp;Breakfast\" \/>\n<meta property=\"og:description\" content=\"Odkryj komfortowy wypoczynek w Nero Home Bed &amp; Breakfast w \u0141om\u017cy. Ciesz si\u0119 komfortowymi pokojami, wy\u015bmienitym \u015bniadaniem i idealn\u0105 lokalizacj\u0105 blisko atrakcji miasta.\" \/>\n<meta property=\"og:url\" content=\"https:\/\/nerohome.pl\/en\/zamow-online\/\" \/>\n<meta property=\"og:site_name\" content=\"NeroHome Bed&amp;Breakfast\" \/>\n<meta property=\"article:publisher\" content=\"https:\/\/www.facebook.com\/riverseaapartamenty\" \/>\n<meta property=\"article:modified_time\" content=\"2024-07-23T13:08:00+00:00\" \/>\n<meta name=\"twitter:card\" content=\"summary_large_image\" \/>\n<meta name=\"twitter:label1\" content=\"Estimated reading time\" \/>\n\t<meta name=\"twitter:data1\" content=\"1 minute\" \/>\n<script type=\"application\/ld+json\" class=\"yoast-schema-graph\">{\"@context\":\"https:\/\/schema.org\",\"@graph\":[{\"@type\":\"WebPage\",\"@id\":\"https:\/\/nerohome.pl\/zamow-online\/\",\"url\":\"https:\/\/nerohome.pl\/zamow-online\/\",\"name\":\"ZAM\u00d3W ONLINE - NeroHome Bed&amp;Breakfast\",\"isPartOf\":{\"@id\":\"https:\/\/nerohome.pl\/#website\"},\"datePublished\":\"2024-07-23T13:07:59+00:00\",\"dateModified\":\"2024-07-23T13:08:00+00:00\",\"description\":\"Odkryj komfortowy wypoczynek w Nero Home Bed & Breakfast w \u0141om\u017cy. Ciesz si\u0119 komfortowymi pokojami, wy\u015bmienitym \u015bniadaniem i idealn\u0105 lokalizacj\u0105 blisko atrakcji miasta.\",\"breadcrumb\":{\"@id\":\"https:\/\/nerohome.pl\/zamow-online\/#breadcrumb\"},\"inLanguage\":\"en-GB\",\"potentialAction\":[{\"@type\":\"ReadAction\",\"target\":[\"https:\/\/nerohome.pl\/zamow-online\/\"]}]},{\"@type\":\"BreadcrumbList\",\"@id\":\"https:\/\/nerohome.pl\/zamow-online\/#breadcrumb\",\"itemListElement\":[{\"@type\":\"ListItem\",\"position\":1,\"name\":\"Strona g\u0142\u00f3wna\",\"item\":\"https:\/\/nerohome.pl\/\"},{\"@type\":\"ListItem\",\"position\":2,\"name\":\"ZAM\u00d3W ONLINE\"}]},{\"@type\":\"WebSite\",\"@id\":\"https:\/\/nerohome.pl\/#website\",\"url\":\"https:\/\/nerohome.pl\/\",\"name\":\"NeroHome Bed&amp;Breakfast\",\"description\":\"Komfortowe pokoje w \u0141om\u017cy\",\"publisher\":{\"@id\":\"https:\/\/nerohome.pl\/#organization\"},\"potentialAction\":[{\"@type\":\"SearchAction\",\"target\":{\"@type\":\"EntryPoint\",\"urlTemplate\":\"https:\/\/nerohome.pl\/?s={search_term_string}\"},\"query-input\":\"required name=search_term_string\"}],\"inLanguage\":\"en-GB\"},{\"@type\":\"Organization\",\"@id\":\"https:\/\/nerohome.pl\/#organization\",\"name\":\"NeroHome Bed&amp;Breakfast\",\"url\":\"https:\/\/nerohome.pl\/\",\"logo\":{\"@type\":\"ImageObject\",\"inLanguage\":\"en-GB\",\"@id\":\"https:\/\/nerohome.pl\/#\/schema\/logo\/image\/\",\"url\":\"https:\/\/nerohome.nfhotel.usermd.net\/wp-content\/uploads\/2022\/10\/Logo-River-Sea.png\",\"contentUrl\":\"https:\/\/nerohome.nfhotel.usermd.net\/wp-content\/uploads\/2022\/10\/Logo-River-Sea.png\",\"width\":256,\"height\":154,\"caption\":\"NeroHome Bed&amp;Breakfast\"},\"image\":{\"@id\":\"https:\/\/nerohome.pl\/#\/schema\/logo\/image\/\"},\"sameAs\":[\"https:\/\/www.facebook.com\/riverseaapartamenty\"]}]}<\/script>\n<!-- \/ Yoast SEO plugin. -->","yoast_head_json":{"title":"ZAM\u00d3W ONLINE - NeroHome Bed&amp;Breakfast","description":"Odkryj komfortowy wypoczynek w Nero Home Bed & Breakfast w \u0141om\u017cy. Ciesz si\u0119 komfortowymi pokojami, wy\u015bmienitym \u015bniadaniem i idealn\u0105 lokalizacj\u0105 blisko atrakcji miasta.","robots":{"index":"index","follow":"follow","max-snippet":"max-snippet:-1","max-image-preview":"max-image-preview:large","max-video-preview":"max-video-preview:-1"},"canonical":"https:\/\/nerohome.pl\/en\/zamow-online\/","og_locale":"en_GB","og_type":"article","og_title":"ZAM\u00d3W ONLINE - NeroHome Bed&amp;Breakfast","og_description":"Odkryj komfortowy wypoczynek w Nero Home Bed & Breakfast w \u0141om\u017cy. Ciesz si\u0119 komfortowymi pokojami, wy\u015bmienitym \u015bniadaniem i idealn\u0105 lokalizacj\u0105 blisko atrakcji miasta.","og_url":"https:\/\/nerohome.pl\/en\/zamow-online\/","og_site_name":"NeroHome Bed&amp;Breakfast","article_publisher":"https:\/\/www.facebook.com\/riverseaapartamenty","article_modified_time":"2024-07-23T13:08:00+00:00","twitter_card":"summary_large_image","twitter_misc":{"Estimated reading time":"1 minute"},"schema":{"@context":"https:\/\/schema.org","@graph":[{"@type":"WebPage","@id":"https:\/\/nerohome.pl\/zamow-online\/","url":"https:\/\/nerohome.pl\/zamow-online\/","name":"ZAM\u00d3W ONLINE - NeroHome Bed&amp;Breakfast","isPartOf":{"@id":"https:\/\/nerohome.pl\/#website"},"datePublished":"2024-07-23T13:07:59+00:00","dateModified":"2024-07-23T13:08:00+00:00","description":"Odkryj komfortowy wypoczynek w Nero Home Bed & Breakfast w \u0141om\u017cy. Ciesz si\u0119 komfortowymi pokojami, wy\u015bmienitym \u015bniadaniem i idealn\u0105 lokalizacj\u0105 blisko atrakcji miasta.","breadcrumb":{"@id":"https:\/\/nerohome.pl\/zamow-online\/#breadcrumb"},"inLanguage":"en-GB","potentialAction":[{"@type":"ReadAction","target":["https:\/\/nerohome.pl\/zamow-online\/"]}]},{"@type":"BreadcrumbList","@id":"https:\/\/nerohome.pl\/zamow-online\/#breadcrumb","itemListElement":[{"@type":"ListItem","position":1,"name":"Strona g\u0142\u00f3wna","item":"https:\/\/nerohome.pl\/"},{"@type":"ListItem","position":2,"name":"ZAM\u00d3W ONLINE"}]},{"@type":"WebSite","@id":"https:\/\/nerohome.pl\/#website","url":"https:\/\/nerohome.pl\/","name":"NeroHome Bed&amp;Breakfast","description":"Komfortowe pokoje w \u0141om\u017cy","publisher":{"@id":"https:\/\/nerohome.pl\/#organization"},"potentialAction":[{"@type":"SearchAction","target":{"@type":"EntryPoint","urlTemplate":"https:\/\/nerohome.pl\/?s={search_term_string}"},"query-input":"required name=search_term_string"}],"inLanguage":"en-GB"},{"@type":"Organization","@id":"https:\/\/nerohome.pl\/#organization","name":"NeroHome Bed&amp;Breakfast","url":"https:\/\/nerohome.pl\/","logo":{"@type":"ImageObject","inLanguage":"en-GB","@id":"https:\/\/nerohome.pl\/#\/schema\/logo\/image\/","url":"https:\/\/nerohome.nfhotel.usermd.net\/wp-content\/uploads\/2022\/10\/Logo-River-Sea.png","contentUrl":"https:\/\/nerohome.nfhotel.usermd.net\/wp-content\/uploads\/2022\/10\/Logo-River-Sea.png","width":256,"height":154,"caption":"NeroHome Bed&amp;Breakfast"},"image":{"@id":"https:\/\/nerohome.pl\/#\/schema\/logo\/image\/"},"sameAs":["https:\/\/www.facebook.com\/riverseaapartamenty"]}]}},"_links":{"self":[{"href":"https:\/\/nerohome.pl\/en\/wp-json\/wp\/v2\/pages\/1392"}],"collection":[{"href":"https:\/\/nerohome.pl\/en\/wp-json\/wp\/v2\/pages"}],"about":[{"href":"https:\/\/nerohome.pl\/en\/wp-json\/wp\/v2\/types\/page"}],"author":[{"embeddable":true,"href":"https:\/\/nerohome.pl\/en\/wp-json\/wp\/v2\/users\/8"}],"replies":[{"embeddable":true,"href":"https:\/\/nerohome.pl\/en\/wp-json\/wp\/v2\/comments?post=1392"}],"version-history":[{"count":3,"href":"https:\/\/nerohome.pl\/en\/wp-json\/wp\/v2\/pages\/1392\/revisions"}],"predecessor-version":[{"id":1395,"href":"https:\/\/nerohome.pl\/en\/wp-json\/wp\/v2\/pages\/1392\/revisions\/1395"}],"wp:attachment":[{"href":"https:\/\/nerohome.pl\/en\/wp-json\/wp\/v2\/media?parent=1392"}],"curies":[{"name":"wp","href":"https:\/\/api.w.org\/{rel}","templated":true}]}}